{"id":2,"date":"2023-06-18T19:02:00","date_gmt":"2023-06-18T19:02:00","guid":{"rendered":"https:\/\/servimostemporales.com\/?page_id=2"},"modified":"2025-12-30T17:53:37","modified_gmt":"2025-12-30T17:53:37","slug":"pagina-ejemplo","status":"publish","type":"page","link":"https:\/\/servimostemporales.com\/","title":{"rendered":"Inicio"},"content":{"rendered":"<p><img decoding=\"async\" src=\"https:\/\/servimostemporales.com\/wp-content\/uploads\/2023\/06\/team-4200837-scaled-e1687313282666-2048x901.jpg\" alt=\"Nosotros\"><\/p>\n<h4>Nosotros<\/h4>\n<p>Somos una entidad de car\u00e1cter privado, con sede principal en la Sabana de Bogot\u00e1,  Ofrecemos un gran portafolio, mediante la cual pasamos a formar parte de la cadena de valor de nuestros clientes.<\/p>\n<p>\t\t\t\t\t\t\t\t\t\t\t\t\t<img decoding=\"async\" src=\"https:\/\/servimostemporales.com\/wp-content\/uploads\/2023\/06\/person-1730665_1920-e1687314466792.jpg\" alt=\"Administraci\u00f3n de Personal\"><\/p>\n<h4>Administraci\u00f3n de Personal<\/h4>\n<p>Nuestros Servicios<\/p>\n<p>\t\t\t\t\t\t\t\t\t\t\t\t\t<img decoding=\"async\" src=\"https:\/\/servimostemporales.com\/wp-content\/uploads\/2023\/06\/people-1979261-scaled-e1687312331222-2048x901.jpg\" alt=\"Selecci\u00f3n\"><\/p>\n<h4>Selecci\u00f3n<\/h4>\n<p>Nuestros Servicios\n<\/p>\n<p>\t\t\t\t\t\t\t\t\t\t\t\t\t<img decoding=\"async\" src=\"https:\/\/servimostemporales.com\/wp-content\/uploads\/2023\/06\/consulting-4405260-scaled-e1687312463295-2048x901.jpg\" alt=\"Contrataci\u00f3n\"><\/p>\n<h4>Contrataci\u00f3n<\/h4>\n<p>Nuestros Servicios <\/p>\n<p>\t\t\t\t\t\t\t\t\t\t\t\t\t<img decoding=\"async\" src=\"https:\/\/servimostemporales.com\/wp-content\/uploads\/2023\/06\/student-849825_1920-e1687314360668.jpg\" alt=\"Procesos de Seguridad\"><\/p>\n<h4>Procesos de Seguridad<\/h4>\n<p>Nuestros Servicios<\/p>\n<p>\t\t\t\t\t\t\t\t\t\t\t\t\t<img decoding=\"async\" src=\"https:\/\/servimostemporales.com\/wp-content\/uploads\/2023\/06\/nomina-e1687312730544-2048x963.jpg\" alt=\"Payroll o administraci\u00f3n de n\u00f3mina \"><\/p>\n<h4>Payroll o administraci\u00f3n de n\u00f3mina <\/h4>\n<p>Nuestros Servicios<\/p>\n<p>\t\t\t\t\t<button type=\"button\"><svg aria-hidden=\"true\" viewBox=\"0 0 320 512\" xmlns=\"http:\/\/www.w3.org\/2000\/svg\"><path d=\"M34.52 239.03L228.87 44.69c9.37-9.37 24.57-9.37 33.94 0l22.67 22.67c9.36 9.36 9.37 24.52.04 33.9L131.49 256l154.02 154.75c9.34 9.38 9.32 24.54-.04 33.9l-22.67 22.67c-9.37 9.37-24.57 9.37-33.94 0L34.52 272.97c-9.37-9.37-9.37-24.57 0-33.94z\"><\/path><\/svg><\/button><br \/>\n\t\t\t\t\t<button type=\"button\"><svg aria-hidden=\"true\" viewBox=\"0 0 320 512\" xmlns=\"http:\/\/www.w3.org\/2000\/svg\"><path d=\"M285.476 272.971L91.132 467.314c-9.373 9.373-24.569 9.373-33.941 0l-22.667-22.667c-9.357-9.357-9.375-24.522-.04-33.901L188.505 256 34.484 101.255c-9.335-9.379-9.317-24.544.04-33.901l22.667-22.667c9.373-9.373 24.569-9.373 33.941 0L285.475 239.03c9.373 9.372 9.373 24.568.001 33.941z\"><\/path><\/svg><\/button><\/p>\n","protected":false},"excerpt":{"rendered":"<p>Nosotros Somos una entidad de car\u00e1cter privado, con sede principal en la Sabana de Bogot\u00e1, Ofrecemos un gran portafolio, mediante la cual pasamos a formar parte de la cadena de valor de nuestros clientes. Administraci\u00f3n de Personal Nuestros Servicios Selecci\u00f3n Nuestros Servicios Contrataci\u00f3n Nuestros Servicios Procesos de Seguridad Nuestros Servicios Payroll o administraci\u00f3n de n\u00f3mina &hellip;<\/p>\n<p class=\"read-more\"> <a class=\"\" href=\"https:\/\/servimostemporales.com\/\"> <span class=\"screen-reader-text\">Inicio<\/span> Read More &raquo;<\/a><\/p>\n","protected":false},"author":1,"featured_media":0,"parent":0,"menu_order":0,"comment_status":"closed","ping_status":"open","template":"","meta":{"_eb_attr":"","site-sidebar-layout":"no-sidebar","site-content-layout":"page-builder","ast-global-header-display":"","ast-banner-title-visibility":"","ast-main-header-display":"","ast-hfb-above-header-display":"","ast-hfb-below-header-display":"","ast-hfb-mobile-header-display":"","site-post-title":"disabled","ast-breadcrumbs-content":"","ast-featured-img":"disabled","footer-sml-layout":"","theme-transparent-header-meta":"","adv-header-id-meta":"","stick-header-meta":"","header-above-stick-meta":"","header-main-stick-meta":"","header-below-stick-meta":"","footnotes":""},"_links":{"self":[{"href":"https:\/\/servimostemporales.com\/index.php\/wp-json\/wp\/v2\/pages\/2"}],"collection":[{"href":"https:\/\/servimostemporales.com\/index.php\/wp-json\/wp\/v2\/pages"}],"about":[{"href":"https:\/\/servimostemporales.com\/index.php\/wp-json\/wp\/v2\/types\/page"}],"author":[{"embeddable":true,"href":"https:\/\/servimostemporales.com\/index.php\/wp-json\/wp\/v2\/users\/1"}],"replies":[{"embeddable":true,"href":"https:\/\/servimostemporales.com\/index.php\/wp-json\/wp\/v2\/comments?post=2"}],"version-history":[{"count":172,"href":"https:\/\/servimostemporales.com\/index.php\/wp-json\/wp\/v2\/pages\/2\/revisions"}],"predecessor-version":[{"id":1080,"href":"https:\/\/servimostemporales.com\/index.php\/wp-json\/wp\/v2\/pages\/2\/revisions\/1080"}],"wp:attachment":[{"href":"https:\/\/servimostemporales.com\/index.php\/wp-json\/wp\/v2\/media?parent=2"}],"curies":[{"name":"wp","href":"https:\/\/api.w.org\/{rel}","templated":true}]}}