{"id":567,"date":"2023-06-23T00:17:16","date_gmt":"2023-06-23T00:17:16","guid":{"rendered":"https:\/\/servimostemporales.com\/?page_id=567"},"modified":"2023-06-28T02:02:52","modified_gmt":"2023-06-28T02:02:52","slug":"contratacion","status":"publish","type":"page","link":"https:\/\/servimostemporales.com\/index.php\/contratacion\/","title":{"rendered":"Contrataci\u00f3n"},"content":{"rendered":"\t\t<div data-elementor-type=\"wp-page\" data-elementor-id=\"567\" class=\"elementor elementor-567\">\n\t\t\t\t\t\t\t<div class=\"elementor-element elementor-element-1effaf46 e-con-full e-flex wpr-particle-no wpr-jarallax-no wpr-parallax-no wpr-sticky-section-no e-con\" data-id=\"1effaf46\" data-element_type=\"container\" data-settings=\"{&quot;content_width&quot;:&quot;full&quot;,&quot;background_background&quot;:&quot;classic&quot;}\" data-e-bg-lazyload=\"\">\n\t\t\t\t<div class=\"elementor-element elementor-element-7be0570b elementor-widget__width-initial elementor-invisible elementor-widget elementor-widget-heading\" data-id=\"7be0570b\" data-element_type=\"widget\" data-settings=\"{&quot;_animation&quot;:&quot;fadeInLeft&quot;}\" data-widget_type=\"heading.default\">\n\t\t\t\t<div class=\"elementor-widget-container\">\n\t\t\t<style>\/*! elementor - v3.15.0 - 20-08-2023 *\/\n.elementor-heading-title{padding:0;margin:0;line-height:1}.elementor-widget-heading .elementor-heading-title[class*=elementor-size-]>a{color:inherit;font-size:inherit;line-height:inherit}.elementor-widget-heading .elementor-heading-title.elementor-size-small{font-size:15px}.elementor-widget-heading .elementor-heading-title.elementor-size-medium{font-size:19px}.elementor-widget-heading .elementor-heading-title.elementor-size-large{font-size:29px}.elementor-widget-heading .elementor-heading-title.elementor-size-xl{font-size:39px}.elementor-widget-heading .elementor-heading-title.elementor-size-xxl{font-size:59px}<\/style><h2 class=\"elementor-heading-title elementor-size-default\">Contrataci\u00f3n<\/h2>\t\t<\/div>\n\t\t\t\t<\/div>\n\t\t\t\t<\/div>\n\t\t<div class=\"elementor-element elementor-element-608f5529 e-flex e-con-boxed wpr-particle-no wpr-jarallax-no wpr-parallax-no wpr-sticky-section-no e-con\" data-id=\"608f5529\" data-element_type=\"container\" data-settings=\"{&quot;content_width&quot;:&quot;boxed&quot;}\">\n\t\t\t\t\t<div class=\"e-con-inner\">\n\t\t<div class=\"elementor-element elementor-element-4bf8fb3c e-con-full e-flex wpr-particle-no wpr-jarallax-no wpr-parallax-no wpr-sticky-section-no e-con\" data-id=\"4bf8fb3c\" data-element_type=\"container\" data-settings=\"{&quot;content_width&quot;:&quot;full&quot;}\">\n\t\t\t\t<div class=\"elementor-element elementor-element-23c70ef elementor-invisible elementor-widget elementor-widget-image\" data-id=\"23c70ef\" data-element_type=\"widget\" data-settings=\"{&quot;_animation&quot;:&quot;fadeInRight&quot;}\" data-widget_type=\"image.default\">\n\t\t\t\t<div class=\"elementor-widget-container\">\n\t\t\t<style>\/*! elementor - v3.15.0 - 20-08-2023 *\/\n.elementor-widget-image{text-align:center}.elementor-widget-image a{display:inline-block}.elementor-widget-image a img[src$=\".svg\"]{width:48px}.elementor-widget-image img{vertical-align:middle;display:inline-block}<\/style>\t\t\t\t\t\t\t\t\t\t\t\t<img loading=\"lazy\" decoding=\"async\" width=\"539\" height=\"1024\" src=\"https:\/\/servimostemporales.com\/wp-content\/uploads\/2023\/06\/ella5-539x1024.png\" class=\"attachment-large size-large wp-image-54\" alt=\"\" srcset=\"https:\/\/servimostemporales.com\/wp-content\/uploads\/2023\/06\/ella5-539x1024.png 539w, https:\/\/servimostemporales.com\/wp-content\/uploads\/2023\/06\/ella5-158x300.png 158w, https:\/\/servimostemporales.com\/wp-content\/uploads\/2023\/06\/ella5.png 768w\" sizes=\"(max-width: 539px) 100vw, 539px\" \/>\t\t\t\t\t\t\t\t\t\t\t\t\t\t\t<\/div>\n\t\t\t\t<\/div>\n\t\t\t\t<\/div>\n\t\t<div class=\"elementor-element elementor-element-589a258d e-con-full e-flex wpr-particle-no wpr-jarallax-no wpr-parallax-no wpr-sticky-section-no e-con\" data-id=\"589a258d\" data-element_type=\"container\" data-settings=\"{&quot;content_width&quot;:&quot;full&quot;}\">\n\t\t<div class=\"elementor-element elementor-element-7026e39 e-flex e-con-boxed wpr-particle-no wpr-jarallax-no wpr-parallax-no wpr-sticky-section-no elementor-invisible e-con\" data-id=\"7026e39\" data-element_type=\"container\" data-settings=\"{&quot;animation&quot;:&quot;fadeInLeft&quot;,&quot;content_width&quot;:&quot;boxed&quot;}\">\n\t\t\t\t\t<div class=\"e-con-inner\">\n\t\t\t\t<div class=\"elementor-element elementor-element-40e9fde1 elementor-widget elementor-widget-text-editor\" data-id=\"40e9fde1\" data-element_type=\"widget\" data-widget_type=\"text-editor.default\">\n\t\t\t\t<div class=\"elementor-widget-container\">\n\t\t\t<style>\/*! elementor - v3.15.0 - 20-08-2023 *\/\n.elementor-widget-text-editor.elementor-drop-cap-view-stacked .elementor-drop-cap{background-color:#69727d;color:#fff}.elementor-widget-text-editor.elementor-drop-cap-view-framed .elementor-drop-cap{color:#69727d;border:3px solid;background-color:transparent}.elementor-widget-text-editor:not(.elementor-drop-cap-view-default) .elementor-drop-cap{margin-top:8px}.elementor-widget-text-editor:not(.elementor-drop-cap-view-default) .elementor-drop-cap-letter{width:1em;height:1em}.elementor-widget-text-editor .elementor-drop-cap{float:left;text-align:center;line-height:1;font-size:50px}.elementor-widget-text-editor .elementor-drop-cap-letter{display:inline-block}<\/style>\t\t\t\t<p>Agilizamos el proceso de vinculaci\u00f3n laboral de los colaboradores de tu empresa, contamos con un profundo conocimiento de las pr\u00e1cticas y regulaciones laborales.<\/p>\t\t\t\t\t\t<\/div>\n\t\t\t\t<\/div>\n\t\t\t\t\t<\/div>\n\t\t\t\t<\/div>\n\t\t<div class=\"elementor-element elementor-element-10884e0d e-flex e-con-boxed wpr-particle-no wpr-jarallax-no wpr-parallax-no wpr-sticky-section-no elementor-invisible e-con\" data-id=\"10884e0d\" data-element_type=\"container\" data-settings=\"{&quot;animation&quot;:&quot;fadeInLeft&quot;,&quot;content_width&quot;:&quot;boxed&quot;}\">\n\t\t\t\t\t<div class=\"e-con-inner\">\n\t\t\t\t<div class=\"elementor-element elementor-element-6e40b8a5 elementor-widget elementor-widget-text-editor\" data-id=\"6e40b8a5\" data-element_type=\"widget\" data-widget_type=\"text-editor.default\">\n\t\t\t\t<div class=\"elementor-widget-container\">\n\t\t\t\t\t\t\t<p>Nos encargamos de todos los tr\u00e1mites administrativos necesarios para correcta la vinculaci\u00f3n laboral de los trabajadores a la organizacion. Esto te permite ahorrar tiempo y recursos internos, ya que nos encargamos de los detalles para garantizar una contrataci\u00f3n sin problemas<\/p>\t\t\t\t\t\t<\/div>\n\t\t\t\t<\/div>\n\t\t<div class=\"elementor-element elementor-element-23a73d7a e-con-full e-flex wpr-particle-no wpr-jarallax-no wpr-parallax-no wpr-sticky-section-no e-con\" data-id=\"23a73d7a\" data-element_type=\"container\" data-settings=\"{&quot;content_width&quot;:&quot;full&quot;}\">\n\t\t\t\t<div class=\"elementor-element elementor-element-62b195fe elementor-widget elementor-widget-ha-flip-box happy-addon ha-flip-box\" data-id=\"62b195fe\" data-element_type=\"widget\" data-widget_type=\"ha-flip-box.default\">\n\t\t\t\t<div class=\"elementor-widget-container\">\n\t\t\t\n        <div class=\"ha-flip-box-container ha-flip-effect-classic\">\n\n            <div class=\"ha-flip-box-inner ha-flip-up\">\n                <div class=\"ha-flip-box-inner-wrapper\">\n                    <div class=\"ha-flip-box-front\">\n                        <div class=\"ha-flip-box-front-inner\">\n                            <div class=\"icon-wrap\">\n                                                                                            <\/div>\n\n                            <div class=\"ha-text\">\n                                                                    <h2 class=\"ha-flip-box-heading\">\u00bfPorque Nosotros?<\/h2>\n                                \n                                                                    <p class=\"ha-desc\">Al contratar con nosotros , podr\u00e1s disfrutar de una serie de beneficios que permitir\u00e1n potenciar tu empresa y alcanzar tus objetivos estr\u00e9gicos:<\/p>\n                                                            <\/div>\n                        <\/div>\n                    <\/div>\n\n                    <div class=\"ha-flip-box-back\">\n                        <div class=\"ha-flip-box-back-inner\">\n                            <div class=\"icon-wrap\">\n                                                                                            <\/div>\n\n                            <div class=\"ha-text\">\n                                \n                                                                    <p class=\"ha-desc\">Agilidad en la contrataci\u00f3n: Nos encargamos de todos los aspectos de la contrataci\u00f3n, desde la preparaci\u00f3n de contratos hasta la coordinaci\u00f3n de los tr\u00e1mites administrativos. Esto acelera el proceso de contrataci\u00f3n y te permite incorporar nuevos colaboradores r\u00e1pidamente\n<\/p>\n                                                            <\/div>\n\n                        <\/div>\n                    <\/div>\n                <\/div>\n            <\/div>\n        <\/div>\n    \t\t<\/div>\n\t\t\t\t<\/div>\n\t\t\t\t<\/div>\n\t\t\t\t\t<\/div>\n\t\t\t\t<\/div>\n\t\t<div class=\"elementor-element elementor-element-60e4440c e-con-full e-flex wpr-particle-no wpr-jarallax-no wpr-parallax-no wpr-sticky-section-no e-con\" data-id=\"60e4440c\" data-element_type=\"container\" data-settings=\"{&quot;content_width&quot;:&quot;full&quot;}\">\n\t\t\t\t<div class=\"elementor-element elementor-element-220db8dc elementor-widget elementor-widget-ha-flip-box happy-addon ha-flip-box\" data-id=\"220db8dc\" data-element_type=\"widget\" data-widget_type=\"ha-flip-box.default\">\n\t\t\t\t<div class=\"elementor-widget-container\">\n\t\t\t\n        <div class=\"ha-flip-box-container ha-flip-effect-classic\">\n\n            <div class=\"ha-flip-box-inner ha-flip-right\">\n                <div class=\"ha-flip-box-inner-wrapper\">\n                    <div class=\"ha-flip-box-front\">\n                        <div class=\"ha-flip-box-front-inner\">\n                            <div class=\"icon-wrap\">\n                                                                                            <\/div>\n\n                            <div class=\"ha-text\">\n                                                                    <h2 class=\"ha-flip-box-heading\">Aun m\u00e1s Ventajas<\/h2>\n                                \n                                                            <\/div>\n                        <\/div>\n                    <\/div>\n\n                    <div class=\"ha-flip-box-back\">\n                        <div class=\"ha-flip-box-back-inner\">\n                            <div class=\"icon-wrap\">\n                                                                                            <\/div>\n\n                            <div class=\"ha-text\">\n                                \n                                                                    <p class=\"ha-desc\">Cumplimiento legal y normativo: Nuestro equipo est\u00e1 actualizado con las leyes laborales y los requisitos normativos vigentes. Nos aseguramos de que todos los aspectos legales y de cumplimiento se cumplan adecuadamente, evitando cualquier riesgo legal para tu empresa.<\/p>\n                                                            <\/div>\n\n                        <\/div>\n                    <\/div>\n                <\/div>\n            <\/div>\n        <\/div>\n    \t\t<\/div>\n\t\t\t\t<\/div>\n\t\t\t\t<\/div>\n\t\t\t\t<\/div>\n\t\t\t\t\t<\/div>\n\t\t\t\t<\/div>\n\t\t<div class=\"elementor-element elementor-element-5070003 e-flex e-con-boxed wpr-particle-no wpr-jarallax-no wpr-parallax-no wpr-sticky-section-no e-con\" data-id=\"5070003\" data-element_type=\"container\" data-settings=\"{&quot;background_background&quot;:&quot;classic&quot;,&quot;content_width&quot;:&quot;boxed&quot;}\">\n\t\t\t\t\t<div class=\"e-con-inner\">\n\t\t<div class=\"elementor-element elementor-element-c6c706c e-con-full e-flex wpr-particle-no wpr-jarallax-no wpr-parallax-no wpr-sticky-section-no e-con\" data-id=\"c6c706c\" data-element_type=\"container\" data-settings=\"{&quot;content_width&quot;:&quot;full&quot;}\">\n\t\t\t\t<div class=\"elementor-element elementor-element-488e69bd elementor-widget elementor-widget-ha-icon-box happy-addon ha-icon-box\" data-id=\"488e69bd\" data-element_type=\"widget\" data-widget_type=\"ha-icon-box.default\">\n\t\t\t\t<div class=\"elementor-widget-container\">\n\t\t\t\n\t\t\n\t\t\t\t\t\t<span class=\"ha-icon-box-icon\">\n\t\t\t\t\t<i aria-hidden=\"true\" class=\"jki jki-document-light\"><\/i>\t\t\t\t<\/span>\n\t\t<h2 class=\"ha-icon-box-title\">Elaboraci\u00f3n de contratos<\/h2>\t\t<\/div>\n\t\t\t\t<\/div>\n\t\t\t\t<\/div>\n\t\t<div class=\"elementor-element elementor-element-b265faa e-con-full e-flex wpr-particle-no wpr-jarallax-no wpr-parallax-no wpr-sticky-section-no e-con\" data-id=\"b265faa\" data-element_type=\"container\" data-settings=\"{&quot;content_width&quot;:&quot;full&quot;}\">\n\t\t\t\t<div class=\"elementor-element elementor-element-7fca382 elementor-widget elementor-widget-ha-icon-box happy-addon ha-icon-box\" data-id=\"7fca382\" data-element_type=\"widget\" data-widget_type=\"ha-icon-box.default\">\n\t\t\t\t<div class=\"elementor-widget-container\">\n\t\t\t\n\t\t\n\t\t\t\t\t\t<span class=\"ha-icon-box-icon\">\n\t\t\t\t\t<i aria-hidden=\"true\" class=\"jki jki-justice-light\"><\/i>\t\t\t\t<\/span>\n\t\t<h2 class=\"ha-icon-box-title\">Gesti\u00f3n de los aspectos legales y de cumplimiento<\/h2>\t\t<\/div>\n\t\t\t\t<\/div>\n\t\t\t\t<\/div>\n\t\t<div class=\"elementor-element elementor-element-fd92051 e-con-full e-flex wpr-particle-no wpr-jarallax-no wpr-parallax-no wpr-sticky-section-no e-con\" data-id=\"fd92051\" data-element_type=\"container\" data-settings=\"{&quot;content_width&quot;:&quot;full&quot;}\">\n\t\t\t\t<div class=\"elementor-element elementor-element-dc2482e elementor-widget elementor-widget-ha-icon-box happy-addon ha-icon-box\" data-id=\"dc2482e\" data-element_type=\"widget\" data-widget_type=\"ha-icon-box.default\">\n\t\t\t\t<div class=\"elementor-widget-container\">\n\t\t\t\n\t\t\n\t\t\t\t\t\t<span class=\"ha-icon-box-icon\">\n\t\t\t\t\t<i aria-hidden=\"true\" class=\"jki jki-Document-Search-light\"><\/i>\t\t\t\t<\/span>\n\t\t<h2 class=\"ha-icon-box-title\">Revisi\u00f3n de documentaci\u00f3n <\/h2>\t\t<\/div>\n\t\t\t\t<\/div>\n\t\t\t\t<\/div>\n\t\t\t\t\t<\/div>\n\t\t\t\t<\/div>\n\t\t<div class=\"elementor-element elementor-element-2a7d4f4c e-flex e-con-boxed wpr-particle-no wpr-jarallax-no wpr-parallax-no wpr-sticky-section-no elementor-invisible e-con\" data-id=\"2a7d4f4c\" data-element_type=\"container\" data-settings=\"{&quot;background_background&quot;:&quot;classic&quot;,&quot;animation&quot;:&quot;fadeInRight&quot;,&quot;content_width&quot;:&quot;boxed&quot;}\">\n\t\t\t\t\t<div class=\"e-con-inner\">\n\t\t\t\t<div class=\"elementor-element elementor-element-2de38d31 elementor-widget__width-auto elementor-widget elementor-widget-eael-cta-box\" data-id=\"2de38d31\" data-element_type=\"widget\" data-widget_type=\"eael-cta-box.default\">\n\t\t\t\t<div class=\"elementor-widget-container\">\n\t\t\t\t\t\t\t<div class=\"eael-call-to-action cta-icon-flex bg-lite cta-preset-1\">\n\t    <div class=\"icon\">\n\t\t\t\t\t\t\t<svg class=\"e-font-icon-svg e-fas-bullhorn\" viewBox=\"0 0 576 512\" xmlns=\"http:\/\/www.w3.org\/2000\/svg\"><path d=\"M576 240c0-23.63-12.95-44.04-32-55.12V32.01C544 23.26 537.02 0 512 0c-7.12 0-14.19 2.38-19.98 7.02l-85.03 68.03C364.28 109.19 310.66 128 256 128H64c-35.35 0-64 28.65-64 64v96c0 35.35 28.65 64 64 64h33.7c-1.39 10.48-2.18 21.14-2.18 32 0 39.77 9.26 77.35 25.56 110.94 5.19 10.69 16.52 17.06 28.4 17.06h74.28c26.05 0 41.69-29.84 25.9-50.56-16.4-21.52-26.15-48.36-26.15-77.44 0-11.11 1.62-21.79 4.41-32H256c54.66 0 108.28 18.81 150.98 52.95l85.03 68.03a32.023 32.023 0 0 0 19.98 7.02c24.92 0 32-22.78 32-32V295.13C563.05 284.04 576 263.63 576 240zm-96 141.42l-33.05-26.44C392.95 311.78 325.12 288 256 288v-96c69.12 0 136.95-23.78 190.95-66.98L480 98.58v282.84z\"><\/path><\/svg>\t    <\/div>\n\t    <div class=\"content\">\n            <h2 class=\"title\">Comun\u00edcate<\/h2><p><p>Conf\u00eda en nosotros para llevar a cabo una contrataci\u00f3n segura y confiable. Cont\u00e1ctanos hoy mismo y descubre c\u00f3mo podemos ayudarte a construir un equipo talentoso y comprometido<\/p><\/p>\t    <\/div>\n\t    <div class=\"action\">\n            <a class=\"cta-button  effect-2\"><\/a>\t    <\/div>\n\t<\/div>\n\t\t\t\t<\/div>\n\t\t\t\t<\/div>\n\t\t\t\t<div class=\"elementor-element elementor-element-4b6f4371 elementor-button-info elementor-align-center elementor-widget elementor-widget-button\" data-id=\"4b6f4371\" data-element_type=\"widget\" data-widget_type=\"button.default\">\n\t\t\t\t<div class=\"elementor-widget-container\">\n\t\t\t\t\t<div class=\"elementor-button-wrapper\">\n\t\t\t<a class=\"elementor-button elementor-button-link elementor-size-xl elementor-animation-buzz-out\" href=\"https:\/\/servimostemporales.com\/index.php\/contactos\/\">\n\t\t\t\t\t\t<span class=\"elementor-button-content-wrapper\">\n\t\t\t\t\t\t<span class=\"elementor-button-text\">M\u00e1s Informaci\u00f3n<\/span>\n\t\t<\/span>\n\t\t\t\t\t<\/a>\n\t\t<\/div>\n\t\t\t\t<\/div>\n\t\t\t\t<\/div>\n\t\t\t\t\t<\/div>\n\t\t\t\t<\/div>\n\t\t\t\t\t\t\t<\/div>\n\t\t","protected":false},"excerpt":{"rendered":"<p>Contrataci\u00f3n Agilizamos el proceso de vinculaci\u00f3n laboral de los colaboradores de tu empresa, contamos con un profundo conocimiento de las pr\u00e1cticas y regulaciones laborales. Nos encargamos de todos los tr\u00e1mites administrativos necesarios para correcta la vinculaci\u00f3n laboral de los trabajadores a la organizacion. Esto te permite ahorrar tiempo y recursos internos, ya que nos encargamos &hellip;<\/p>\n<p class=\"read-more\"> <a class=\"\" href=\"https:\/\/servimostemporales.com\/index.php\/contratacion\/\"> <span class=\"screen-reader-text\">Contrataci\u00f3n<\/span> Read More &raquo;<\/a><\/p>\n","protected":false},"author":1,"featured_media":0,"parent":0,"menu_order":0,"comment_status":"closed","ping_status":"closed","template":"","meta":{"_eb_attr":"","site-sidebar-layout":"no-sidebar","site-content-layout":"page-builder","ast-global-header-display":"","ast-banner-title-visibility":"","ast-main-header-display":"","ast-hfb-above-header-display":"","ast-hfb-below-header-display":"","ast-hfb-mobile-header-display":"","site-post-title":"disabled","ast-breadcrumbs-content":"","ast-featured-img":"disabled","footer-sml-layout":"","theme-transparent-header-meta":"","adv-header-id-meta":"","stick-header-meta":"","header-above-stick-meta":"","header-main-stick-meta":"","header-below-stick-meta":"","footnotes":""},"_links":{"self":[{"href":"https:\/\/servimostemporales.com\/index.php\/wp-json\/wp\/v2\/pages\/567"}],"collection":[{"href":"https:\/\/servimostemporales.com\/index.php\/wp-json\/wp\/v2\/pages"}],"about":[{"href":"https:\/\/servimostemporales.com\/index.php\/wp-json\/wp\/v2\/types\/page"}],"author":[{"embeddable":true,"href":"https:\/\/servimostemporales.com\/index.php\/wp-json\/wp\/v2\/users\/1"}],"replies":[{"embeddable":true,"href":"https:\/\/servimostemporales.com\/index.php\/wp-json\/wp\/v2\/comments?post=567"}],"version-history":[{"count":22,"href":"https:\/\/servimostemporales.com\/index.php\/wp-json\/wp\/v2\/pages\/567\/revisions"}],"predecessor-version":[{"id":756,"href":"https:\/\/servimostemporales.com\/index.php\/wp-json\/wp\/v2\/pages\/567\/revisions\/756"}],"wp:attachment":[{"href":"https:\/\/servimostemporales.com\/index.php\/wp-json\/wp\/v2\/media?parent=567"}],"curies":[{"name":"wp","href":"https:\/\/api.w.org\/{rel}","templated":true}]}}