{"id":624,"date":"2023-06-23T01:50:57","date_gmt":"2023-06-23T01:50:57","guid":{"rendered":"https:\/\/servimostemporales.com\/?page_id=624"},"modified":"2023-06-23T02:16:07","modified_gmt":"2023-06-23T02:16:07","slug":"payroll","status":"publish","type":"page","link":"https:\/\/servimostemporales.com\/index.php\/payroll\/","title":{"rendered":"Payroll o administraci\u00f3n de n\u00f3mina"},"content":{"rendered":"\t\t<div data-elementor-type=\"wp-page\" data-elementor-id=\"624\" class=\"elementor elementor-624\">\n\t\t\t\t\t\t\t<div class=\"elementor-element elementor-element-5b9188e8 e-con-full e-flex wpr-particle-no wpr-jarallax-no wpr-parallax-no wpr-sticky-section-no e-con\" data-id=\"5b9188e8\" data-element_type=\"container\" data-settings=\"{&quot;content_width&quot;:&quot;full&quot;,&quot;background_background&quot;:&quot;classic&quot;}\" data-e-bg-lazyload=\"\">\n\t\t\t\t<div class=\"elementor-element elementor-element-5509ea0b elementor-widget__width-initial elementor-invisible elementor-widget elementor-widget-heading\" data-id=\"5509ea0b\" data-element_type=\"widget\" data-settings=\"{&quot;_animation&quot;:&quot;fadeInLeft&quot;}\" data-widget_type=\"heading.default\">\n\t\t\t\t<div class=\"elementor-widget-container\">\n\t\t\t<style>\/*! elementor - v3.15.0 - 20-08-2023 *\/\n.elementor-heading-title{padding:0;margin:0;line-height:1}.elementor-widget-heading .elementor-heading-title[class*=elementor-size-]>a{color:inherit;font-size:inherit;line-height:inherit}.elementor-widget-heading .elementor-heading-title.elementor-size-small{font-size:15px}.elementor-widget-heading .elementor-heading-title.elementor-size-medium{font-size:19px}.elementor-widget-heading .elementor-heading-title.elementor-size-large{font-size:29px}.elementor-widget-heading .elementor-heading-title.elementor-size-xl{font-size:39px}.elementor-widget-heading .elementor-heading-title.elementor-size-xxl{font-size:59px}<\/style><h2 class=\"elementor-heading-title elementor-size-default\">Payroll o administraci\u00f3n de n\u00f3mina <\/h2>\t\t<\/div>\n\t\t\t\t<\/div>\n\t\t\t\t<\/div>\n\t\t<div class=\"elementor-element elementor-element-192fd76e e-flex e-con-boxed wpr-particle-no wpr-jarallax-no wpr-parallax-no wpr-sticky-section-no e-con\" data-id=\"192fd76e\" data-element_type=\"container\" data-settings=\"{&quot;content_width&quot;:&quot;boxed&quot;}\">\n\t\t\t\t\t<div class=\"e-con-inner\">\n\t\t<div class=\"elementor-element elementor-element-2cabea47 e-con-full e-flex wpr-particle-no wpr-jarallax-no wpr-parallax-no wpr-sticky-section-no e-con\" data-id=\"2cabea47\" data-element_type=\"container\" data-settings=\"{&quot;content_width&quot;:&quot;full&quot;}\">\n\t\t\t\t<div class=\"elementor-element elementor-element-3dd38139 elementor-invisible elementor-widget elementor-widget-image\" data-id=\"3dd38139\" data-element_type=\"widget\" data-settings=\"{&quot;_animation&quot;:&quot;fadeInRight&quot;}\" data-widget_type=\"image.default\">\n\t\t\t\t<div class=\"elementor-widget-container\">\n\t\t\t<style>\/*! elementor - v3.15.0 - 20-08-2023 *\/\n.elementor-widget-image{text-align:center}.elementor-widget-image a{display:inline-block}.elementor-widget-image a img[src$=\".svg\"]{width:48px}.elementor-widget-image img{vertical-align:middle;display:inline-block}<\/style>\t\t\t\t\t\t\t\t\t\t\t\t<img loading=\"lazy\" decoding=\"async\" width=\"700\" height=\"854\" src=\"https:\/\/servimostemporales.com\/wp-content\/uploads\/2023\/06\/el6.png\" class=\"attachment-full size-full wp-image-51\" alt=\"\" srcset=\"https:\/\/servimostemporales.com\/wp-content\/uploads\/2023\/06\/el6.png 700w, https:\/\/servimostemporales.com\/wp-content\/uploads\/2023\/06\/el6-246x300.png 246w\" sizes=\"(max-width: 700px) 100vw, 700px\" \/>\t\t\t\t\t\t\t\t\t\t\t\t\t\t\t<\/div>\n\t\t\t\t<\/div>\n\t\t\t\t<div class=\"elementor-element elementor-element-462c63a9 elementor-button-info elementor-align-center elementor-widget elementor-widget-button\" data-id=\"462c63a9\" data-element_type=\"widget\" data-widget_type=\"button.default\">\n\t\t\t\t<div class=\"elementor-widget-container\">\n\t\t\t\t\t<div class=\"elementor-button-wrapper\">\n\t\t\t<a class=\"elementor-button elementor-button-link elementor-size-xl elementor-animation-buzz-out\" href=\"https:\/\/servimostemporales.com\/index.php\/contactos\/\">\n\t\t\t\t\t\t<span class=\"elementor-button-content-wrapper\">\n\t\t\t\t\t\t<span class=\"elementor-button-text\">M\u00e1s Informaci\u00f3n<\/span>\n\t\t<\/span>\n\t\t\t\t\t<\/a>\n\t\t<\/div>\n\t\t\t\t<\/div>\n\t\t\t\t<\/div>\n\t\t\t\t<\/div>\n\t\t<div class=\"elementor-element elementor-element-58b9eac3 e-con-full e-flex wpr-particle-no wpr-jarallax-no wpr-parallax-no wpr-sticky-section-no e-con\" data-id=\"58b9eac3\" data-element_type=\"container\" data-settings=\"{&quot;content_width&quot;:&quot;full&quot;}\">\n\t\t<div class=\"elementor-element elementor-element-2a17ecca e-flex e-con-boxed wpr-particle-no wpr-jarallax-no wpr-parallax-no wpr-sticky-section-no elementor-invisible e-con\" data-id=\"2a17ecca\" data-element_type=\"container\" data-settings=\"{&quot;animation&quot;:&quot;fadeInLeft&quot;,&quot;content_width&quot;:&quot;boxed&quot;}\">\n\t\t\t\t\t<div class=\"e-con-inner\">\n\t\t\t\t<div class=\"elementor-element elementor-element-4b6fb9ad elementor-widget elementor-widget-text-editor\" data-id=\"4b6fb9ad\" data-element_type=\"widget\" data-widget_type=\"text-editor.default\">\n\t\t\t\t<div class=\"elementor-widget-container\">\n\t\t\t<style>\/*! elementor - v3.15.0 - 20-08-2023 *\/\n.elementor-widget-text-editor.elementor-drop-cap-view-stacked .elementor-drop-cap{background-color:#69727d;color:#fff}.elementor-widget-text-editor.elementor-drop-cap-view-framed .elementor-drop-cap{color:#69727d;border:3px solid;background-color:transparent}.elementor-widget-text-editor:not(.elementor-drop-cap-view-default) .elementor-drop-cap{margin-top:8px}.elementor-widget-text-editor:not(.elementor-drop-cap-view-default) .elementor-drop-cap-letter{width:1em;height:1em}.elementor-widget-text-editor .elementor-drop-cap{float:left;text-align:center;line-height:1;font-size:50px}.elementor-widget-text-editor .elementor-drop-cap-letter{display:inline-block}<\/style>\t\t\t\t\t\t\t\t\t\t<\/div>\n\t\t\t\t<\/div>\n\t\t\t\t\t<\/div>\n\t\t\t\t<\/div>\n\t\t<div class=\"elementor-element elementor-element-3490f8f e-flex e-con-boxed wpr-particle-no wpr-jarallax-no wpr-parallax-no wpr-sticky-section-no elementor-invisible e-con\" data-id=\"3490f8f\" data-element_type=\"container\" data-settings=\"{&quot;animation&quot;:&quot;fadeInLeft&quot;,&quot;content_width&quot;:&quot;boxed&quot;}\">\n\t\t\t\t\t<div class=\"e-con-inner\">\n\t\t\t\t<div class=\"elementor-element elementor-element-d813787 elementor-widget elementor-widget-text-editor\" data-id=\"d813787\" data-element_type=\"widget\" data-widget_type=\"text-editor.default\">\n\t\t\t\t<div class=\"elementor-widget-container\">\n\t\t\t\t\t\t\t<p>Nuestro servicio de Payroll (n\u00f3mina) es la soluci\u00f3n integral para la gesti\u00f3n eficiente y precisa de los procesos de n\u00f3mina de tu empresa.<\/p>\t\t\t\t\t\t<\/div>\n\t\t\t\t<\/div>\n\t\t\t\t\t<\/div>\n\t\t\t\t<\/div>\n\t\t<div class=\"elementor-element elementor-element-787fed74 e-flex e-con-boxed wpr-particle-no wpr-jarallax-no wpr-parallax-no wpr-sticky-section-no elementor-invisible e-con\" data-id=\"787fed74\" data-element_type=\"container\" data-settings=\"{&quot;animation&quot;:&quot;fadeInLeft&quot;,&quot;content_width&quot;:&quot;boxed&quot;}\">\n\t\t\t\t\t<div class=\"e-con-inner\">\n\t\t\t\t<div class=\"elementor-element elementor-element-e8132b7 elementor-widget elementor-widget-text-editor\" data-id=\"e8132b7\" data-element_type=\"widget\" data-widget_type=\"text-editor.default\">\n\t\t\t\t<div class=\"elementor-widget-container\">\n\t\t\t\t\t\t\t<p>Nos encargamos de administrar todos los aspectos relacionados con el pago de salarios y beneficios de tus empleados, asegurando un proceso fluido y sin complicaciones.Contamos con un equipo de expertos en n\u00f3mina y gesti\u00f3n de recursos humanos que se encarga de manejar todos los c\u00e1lculos, deducciones y retenciones necesarios para garantizar que tus empleados reciban su remuneraci\u00f3n de manera oportuna y precisa.<\/p>\t\t\t\t\t\t<\/div>\n\t\t\t\t<\/div>\n\t\t<div class=\"elementor-element elementor-element-b39b4cb e-grid e-con-boxed wpr-particle-no wpr-jarallax-no wpr-parallax-no wpr-sticky-section-no e-con\" data-id=\"b39b4cb\" data-element_type=\"container\" data-settings=\"{&quot;background_background&quot;:&quot;classic&quot;,&quot;content_width&quot;:&quot;boxed&quot;,&quot;grid_outline&quot;:&quot;yes&quot;,&quot;grid_columns_grid&quot;:{&quot;unit&quot;:&quot;fr&quot;,&quot;size&quot;:3,&quot;sizes&quot;:[]},&quot;grid_columns_grid_tablet&quot;:{&quot;unit&quot;:&quot;fr&quot;,&quot;size&quot;:&quot;&quot;,&quot;sizes&quot;:[]},&quot;grid_columns_grid_mobile&quot;:{&quot;unit&quot;:&quot;fr&quot;,&quot;size&quot;:1,&quot;sizes&quot;:[]},&quot;grid_rows_grid&quot;:{&quot;unit&quot;:&quot;fr&quot;,&quot;size&quot;:2,&quot;sizes&quot;:[]},&quot;grid_rows_grid_tablet&quot;:{&quot;unit&quot;:&quot;fr&quot;,&quot;size&quot;:&quot;&quot;,&quot;sizes&quot;:[]},&quot;grid_rows_grid_mobile&quot;:{&quot;unit&quot;:&quot;fr&quot;,&quot;size&quot;:&quot;&quot;,&quot;sizes&quot;:[]}}\">\n\t\t\t\t\t<div class=\"e-con-inner\">\n\t\t<div class=\"elementor-element elementor-element-d8b0908 e-flex e-con-boxed wpr-particle-no wpr-jarallax-no wpr-parallax-no wpr-sticky-section-no e-con\" data-id=\"d8b0908\" data-element_type=\"container\" data-settings=\"{&quot;content_width&quot;:&quot;boxed&quot;}\">\n\t\t\t\t\t<div class=\"e-con-inner\">\n\t\t\t\t<div class=\"elementor-element elementor-element-18e24b58 elementor-widget elementor-widget-ha-icon-box happy-addon ha-icon-box\" data-id=\"18e24b58\" data-element_type=\"widget\" data-widget_type=\"ha-icon-box.default\">\n\t\t\t\t<div class=\"elementor-widget-container\">\n\t\t\t\n\t\t\n\t\t\t\t\t\t<span class=\"ha-icon-box-icon\">\n\t\t\t\t\t<i aria-hidden=\"true\" class=\"hm hm-avatar-woman\"><\/i>\t\t\t\t<\/span>\n\t\t<h2 class=\"ha-icon-box-title\">Precisi\u00f3n y puntualidad<\/h2>\t\t<\/div>\n\t\t\t\t<\/div>\n\t\t\t\t\t<\/div>\n\t\t\t\t<\/div>\n\t\t\t\t<div class=\"elementor-element elementor-element-3bc6111e elementor-widget elementor-widget-ha-icon-box happy-addon ha-icon-box\" data-id=\"3bc6111e\" data-element_type=\"widget\" data-widget_type=\"ha-icon-box.default\">\n\t\t\t\t<div class=\"elementor-widget-container\">\n\t\t\t\n\t\t\n\t\t\t\t\t\t<span class=\"ha-icon-box-icon\">\n\t\t\t\t\t<i aria-hidden=\"true\" class=\"jki jki-team-2-line\"><\/i>\t\t\t\t<\/span>\n\t\t<h2 class=\"ha-icon-box-title\">Cumplimiento normativo<\/h2>\t\t<\/div>\n\t\t\t\t<\/div>\n\t\t\t\t<div class=\"elementor-element elementor-element-4cc0a765 elementor-widget elementor-widget-ha-icon-box happy-addon ha-icon-box\" data-id=\"4cc0a765\" data-element_type=\"widget\" data-widget_type=\"ha-icon-box.default\">\n\t\t\t\t<div class=\"elementor-widget-container\">\n\t\t\t\n\t\t\n\t\t\t\t\t\t<span class=\"ha-icon-box-icon\">\n\t\t\t\t\t<i aria-hidden=\"true\" class=\"hm hm-pen-pencil\"><\/i>\t\t\t\t<\/span>\n\t\t<h2 class=\"ha-icon-box-title\">Gesti\u00f3n de beneficios<\/h2>\t\t<\/div>\n\t\t\t\t<\/div>\n\t\t\t\t<div class=\"elementor-element elementor-element-65c5f413 elementor-widget elementor-widget-ha-icon-box happy-addon ha-icon-box\" data-id=\"65c5f413\" data-element_type=\"widget\" data-widget_type=\"ha-icon-box.default\">\n\t\t\t\t<div class=\"elementor-widget-container\">\n\t\t\t\n\t\t\n\t\t\t\t\t\t<span class=\"ha-icon-box-icon\">\n\t\t\t\t\t<i aria-hidden=\"true\" class=\"hm hm-printer\"><\/i>\t\t\t\t<\/span>\n\t\t<h2 class=\"ha-icon-box-title\">Informes y an\u00e1lisis<\/h2>\t\t<\/div>\n\t\t\t\t<\/div>\n\t\t\t\t<div class=\"elementor-element elementor-element-2317a60a elementor-widget elementor-widget-ha-icon-box happy-addon ha-icon-box\" data-id=\"2317a60a\" data-element_type=\"widget\" data-widget_type=\"ha-icon-box.default\">\n\t\t\t\t<div class=\"elementor-widget-container\">\n\t\t\t\n\t\t\n\t\t\t\t\t\t<span class=\"ha-icon-box-icon\">\n\t\t\t\t\t<svg aria-hidden=\"true\" class=\"e-font-icon-svg e-fas-database\" viewBox=\"0 0 448 512\" xmlns=\"http:\/\/www.w3.org\/2000\/svg\"><path d=\"M448 73.143v45.714C448 159.143 347.667 192 224 192S0 159.143 0 118.857V73.143C0 32.857 100.333 0 224 0s224 32.857 224 73.143zM448 176v102.857C448 319.143 347.667 352 224 352S0 319.143 0 278.857V176c48.125 33.143 136.208 48.572 224 48.572S399.874 209.143 448 176zm0 160v102.857C448 479.143 347.667 512 224 512S0 479.143 0 438.857V336c48.125 33.143 136.208 48.572 224 48.572S399.874 369.143 448 336z\"><\/path><\/svg>\t\t\t\t<\/span>\n\t\t<h2 class=\"ha-icon-box-title\">Confidencialidad y seguridad de datos<\/h2>\t\t<\/div>\n\t\t\t\t<\/div>\n\t\t\t\t\t<\/div>\n\t\t\t\t<\/div>\n\t\t\t\t\t<\/div>\n\t\t\t\t<\/div>\n\t\t\t\t<\/div>\n\t\t\t\t\t<\/div>\n\t\t\t\t<\/div>\n\t\t<div class=\"elementor-element elementor-element-6ef85ddf e-flex e-con-boxed wpr-particle-no wpr-jarallax-no wpr-parallax-no wpr-sticky-section-no e-con\" data-id=\"6ef85ddf\" data-element_type=\"container\" data-settings=\"{&quot;content_width&quot;:&quot;boxed&quot;}\">\n\t\t\t\t\t<div class=\"e-con-inner\">\n\t\t<div class=\"elementor-element elementor-element-fd851da e-con-full e-flex wpr-particle-no wpr-jarallax-no wpr-parallax-no wpr-sticky-section-no e-con\" data-id=\"fd851da\" data-element_type=\"container\" data-settings=\"{&quot;content_width&quot;:&quot;full&quot;}\">\n\t\t\t\t<div class=\"elementor-element elementor-element-1bfd4adc elementor-widget elementor-widget-ha-flip-box happy-addon ha-flip-box\" data-id=\"1bfd4adc\" data-element_type=\"widget\" data-widget_type=\"ha-flip-box.default\">\n\t\t\t\t<div class=\"elementor-widget-container\">\n\t\t\t\n        <div class=\"ha-flip-box-container ha-flip-effect-classic\">\n\n            <div class=\"ha-flip-box-inner ha-flip-right\">\n                <div class=\"ha-flip-box-inner-wrapper\">\n                    <div class=\"ha-flip-box-front\">\n                        <div class=\"ha-flip-box-front-inner\">\n                            <div class=\"icon-wrap\">\n                                                                                            <\/div>\n\n                            <div class=\"ha-text\">\n                                                                    <h2 class=\"ha-flip-box-heading\">\u00bfPorque Nosotros?<\/h2>\n                                \n                                                                    <p class=\"ha-desc\">Al contratar con nosotros , podr\u00e1s disfrutar de una serie de beneficios que permitir\u00e1n potenciar tu empresa y alcanzar tus objetivos estr\u00e9gicos:<\/p>\n                                                            <\/div>\n                        <\/div>\n                    <\/div>\n\n                    <div class=\"ha-flip-box-back\">\n                        <div class=\"ha-flip-box-back-inner\">\n                            <div class=\"icon-wrap\">\n                                                                                            <\/div>\n\n                            <div class=\"ha-text\">\n                                \n                                                                    <p class=\"ha-desc\">1.\tPrecisi\u00f3n y puntualidad: Nos aseguramos de que los c\u00e1lculos de n\u00f3mina sean precisos y que los pagos se realicen de manera puntual, evitando retrasos o errores que puedan afectar la satisfacci\u00f3n de tus empleados.<\/br>\n2.\tCumplimiento normativo: Estamos actualizados con las leyes laborales y los requisitos fiscales vigentes. Nos aseguramos de que todos los aspectos de la n\u00f3mina cumplan con las regulaciones legales y fiscales aplicables, evitando posibles sanciones o problemas legales.\n<\/p>\n                                                            <\/div>\n\n                        <\/div>\n                    <\/div>\n                <\/div>\n            <\/div>\n        <\/div>\n    \t\t<\/div>\n\t\t\t\t<\/div>\n\t\t\t\t<\/div>\n\t\t<div class=\"elementor-element elementor-element-298045e7 e-con-full e-flex wpr-particle-no wpr-jarallax-no wpr-parallax-no wpr-sticky-section-no e-con\" data-id=\"298045e7\" data-element_type=\"container\" data-settings=\"{&quot;content_width&quot;:&quot;full&quot;}\">\n\t\t\t\t<div class=\"elementor-element elementor-element-6514dc9a elementor-widget elementor-widget-ha-flip-box happy-addon ha-flip-box\" data-id=\"6514dc9a\" data-element_type=\"widget\" data-widget_type=\"ha-flip-box.default\">\n\t\t\t\t<div class=\"elementor-widget-container\">\n\t\t\t\n        <div class=\"ha-flip-box-container ha-flip-effect-classic\">\n\n            <div class=\"ha-flip-box-inner ha-flip-right\">\n                <div class=\"ha-flip-box-inner-wrapper\">\n                    <div class=\"ha-flip-box-front\">\n                        <div class=\"ha-flip-box-front-inner\">\n                            <div class=\"icon-wrap\">\n                                                                                            <\/div>\n\n                            <div class=\"ha-text\">\n                                                                    <h2 class=\"ha-flip-box-heading\">Aun m\u00e1s Ventajas<\/h2>\n                                \n                                                            <\/div>\n                        <\/div>\n                    <\/div>\n\n                    <div class=\"ha-flip-box-back\">\n                        <div class=\"ha-flip-box-back-inner\">\n                            <div class=\"icon-wrap\">\n                                                                                            <\/div>\n\n                            <div class=\"ha-text\">\n                                \n                                                                    <p class=\"ha-desc\">Acceso a talento especializado: Contamos con el apoyo de talento especializado en diversas \u00e1reas. Esto te brinda la oportunidad de acceder a profesionales altamente calificados que se adaptan a tus requerimientos espec\u00edficos. Puedes contratar personal con habilidades y experiencia espec\u00edficas.\n\nAgilidad en el proceso de contrataci\u00f3n: Gracias a nuestra experiencia y red de contactos, podemos encontrar y seleccionar r\u00e1pidamente a los candidatos m\u00e1s adecuados para tu empresa. De manera que te permite cubrir las necesidades de personal de forma oportuna, sin retrasos innecesarios\n<\/p>\n                                                            <\/div>\n\n                        <\/div>\n                    <\/div>\n                <\/div>\n            <\/div>\n        <\/div>\n    \t\t<\/div>\n\t\t\t\t<\/div>\n\t\t\t\t<\/div>\n\t\t\t\t\t<\/div>\n\t\t\t\t<\/div>\n\t\t<div class=\"elementor-element elementor-element-57b28c84 e-flex e-con-boxed wpr-particle-no wpr-jarallax-no wpr-parallax-no wpr-sticky-section-no elementor-invisible e-con\" data-id=\"57b28c84\" data-element_type=\"container\" data-settings=\"{&quot;background_background&quot;:&quot;classic&quot;,&quot;animation&quot;:&quot;fadeInRight&quot;,&quot;content_width&quot;:&quot;boxed&quot;}\">\n\t\t\t\t\t<div class=\"e-con-inner\">\n\t\t\t\t<div class=\"elementor-element elementor-element-5b8b2118 elementor-widget__width-auto elementor-widget elementor-widget-eael-cta-box\" data-id=\"5b8b2118\" data-element_type=\"widget\" data-widget_type=\"eael-cta-box.default\">\n\t\t\t\t<div class=\"elementor-widget-container\">\n\t\t\t\t\t\t\t<div class=\"eael-call-to-action cta-icon-flex bg-lite cta-preset-1\">\n\t    <div class=\"icon\">\n\t\t\t\t\t\t\t<svg class=\"e-font-icon-svg e-fas-bullhorn\" viewBox=\"0 0 576 512\" xmlns=\"http:\/\/www.w3.org\/2000\/svg\"><path d=\"M576 240c0-23.63-12.95-44.04-32-55.12V32.01C544 23.26 537.02 0 512 0c-7.12 0-14.19 2.38-19.98 7.02l-85.03 68.03C364.28 109.19 310.66 128 256 128H64c-35.35 0-64 28.65-64 64v96c0 35.35 28.65 64 64 64h33.7c-1.39 10.48-2.18 21.14-2.18 32 0 39.77 9.26 77.35 25.56 110.94 5.19 10.69 16.52 17.06 28.4 17.06h74.28c26.05 0 41.69-29.84 25.9-50.56-16.4-21.52-26.15-48.36-26.15-77.44 0-11.11 1.62-21.79 4.41-32H256c54.66 0 108.28 18.81 150.98 52.95l85.03 68.03a32.023 32.023 0 0 0 19.98 7.02c24.92 0 32-22.78 32-32V295.13C563.05 284.04 576 263.63 576 240zm-96 141.42l-33.05-26.44C392.95 311.78 325.12 288 256 288v-96c69.12 0 136.95-23.78 190.95-66.98L480 98.58v282.84z\"><\/path><\/svg>\t    <\/div>\n\t    <div class=\"content\">\n            <h2 class=\"title\">Comun\u00edcate<\/h2><p><p>Conf\u00eda en nosotros para gestionar de manera eficiente y confiable los procesos de n\u00f3mina de tu empresa. Cont\u00e1ctanos hoy mismo y descubre c\u00f3mo podemos ayudarte a mejorar la eficiencia de tu empresa<\/p><\/p>\t    <\/div>\n\t    <div class=\"action\">\n            <a class=\"cta-button  effect-2\"><\/a>\t    <\/div>\n\t<\/div>\n\t\t\t\t<\/div>\n\t\t\t\t<\/div>\n\t\t\t\t<div class=\"elementor-element elementor-element-c70832e elementor-button-info elementor-align-center elementor-widget elementor-widget-button\" data-id=\"c70832e\" data-element_type=\"widget\" data-widget_type=\"button.default\">\n\t\t\t\t<div class=\"elementor-widget-container\">\n\t\t\t\t\t<div class=\"elementor-button-wrapper\">\n\t\t\t<a class=\"elementor-button elementor-button-link elementor-size-xl elementor-animation-buzz-out\" href=\"https:\/\/servimostemporales.com\/index.php\/contactos\/\">\n\t\t\t\t\t\t<span class=\"elementor-button-content-wrapper\">\n\t\t\t\t\t\t<span class=\"elementor-button-text\">M\u00e1s Informaci\u00f3n<\/span>\n\t\t<\/span>\n\t\t\t\t\t<\/a>\n\t\t<\/div>\n\t\t\t\t<\/div>\n\t\t\t\t<\/div>\n\t\t\t\t\t<\/div>\n\t\t\t\t<\/div>\n\t\t\t\t\t\t\t<\/div>\n\t\t","protected":false},"excerpt":{"rendered":"<p>Payroll o administraci\u00f3n de n\u00f3mina M\u00e1s Informaci\u00f3n Nuestro servicio de Payroll (n\u00f3mina) es la soluci\u00f3n integral para la gesti\u00f3n eficiente y precisa de los procesos de n\u00f3mina de tu empresa. Nos encargamos de administrar todos los aspectos relacionados con el pago de salarios y beneficios de tus empleados, asegurando un proceso fluido y sin complicaciones.Contamos &hellip;<\/p>\n<p class=\"read-more\"> <a class=\"\" href=\"https:\/\/servimostemporales.com\/index.php\/payroll\/\"> <span class=\"screen-reader-text\">Payroll o administraci\u00f3n de n\u00f3mina<\/span> Read More &raquo;<\/a><\/p>\n","protected":false},"author":1,"featured_media":0,"parent":0,"menu_order":0,"comment_status":"closed","ping_status":"closed","template":"","meta":{"_eb_attr":"","site-sidebar-layout":"no-sidebar","site-content-layout":"page-builder","ast-global-header-display":"","ast-banner-title-visibility":"","ast-main-header-display":"","ast-hfb-above-header-display":"","ast-hfb-below-header-display":"","ast-hfb-mobile-header-display":"","site-post-title":"disabled","ast-breadcrumbs-content":"","ast-featured-img":"disabled","footer-sml-layout":"","theme-transparent-header-meta":"","adv-header-id-meta":"","stick-header-meta":"","header-above-stick-meta":"","header-main-stick-meta":"","header-below-stick-meta":"","footnotes":""},"_links":{"self":[{"href":"https:\/\/servimostemporales.com\/index.php\/wp-json\/wp\/v2\/pages\/624"}],"collection":[{"href":"https:\/\/servimostemporales.com\/index.php\/wp-json\/wp\/v2\/pages"}],"about":[{"href":"https:\/\/servimostemporales.com\/index.php\/wp-json\/wp\/v2\/types\/page"}],"author":[{"embeddable":true,"href":"https:\/\/servimostemporales.com\/index.php\/wp-json\/wp\/v2\/users\/1"}],"replies":[{"embeddable":true,"href":"https:\/\/servimostemporales.com\/index.php\/wp-json\/wp\/v2\/comments?post=624"}],"version-history":[{"count":10,"href":"https:\/\/servimostemporales.com\/index.php\/wp-json\/wp\/v2\/pages\/624\/revisions"}],"predecessor-version":[{"id":636,"href":"https:\/\/servimostemporales.com\/index.php\/wp-json\/wp\/v2\/pages\/624\/revisions\/636"}],"wp:attachment":[{"href":"https:\/\/servimostemporales.com\/index.php\/wp-json\/wp\/v2\/media?parent=624"}],"curies":[{"name":"wp","href":"https:\/\/api.w.org\/{rel}","templated":true}]}}