{"id":7,"date":"2023-06-18T19:10:23","date_gmt":"2023-06-18T19:10:23","guid":{"rendered":"https:\/\/servimostemporales.com\/?page_id=7"},"modified":"2023-08-30T00:43:47","modified_gmt":"2023-08-30T00:43:47","slug":"contactos","status":"publish","type":"page","link":"https:\/\/servimostemporales.com\/index.php\/contactos\/","title":{"rendered":"Contacto"},"content":{"rendered":"\t\t<div data-elementor-type=\"wp-page\" data-elementor-id=\"7\" class=\"elementor elementor-7\">\n\t\t\t\t\t\t\t<div class=\"elementor-element elementor-element-a0ca2f7 e-flex e-con-boxed wpr-particle-no wpr-jarallax-no wpr-parallax-no wpr-sticky-section-no e-con\" data-id=\"a0ca2f7\" data-element_type=\"container\" data-settings=\"{&quot;content_width&quot;:&quot;boxed&quot;}\">\n\t\t\t\t\t<div class=\"e-con-inner\">\n\t\t<div class=\"elementor-element elementor-element-45b61fe e-con-full e-flex wpr-particle-no wpr-jarallax-no wpr-parallax-no wpr-sticky-section-no e-con\" data-id=\"45b61fe\" data-element_type=\"container\" data-settings=\"{&quot;content_width&quot;:&quot;full&quot;}\">\n\t\t\t\t<div class=\"elementor-element elementor-element-d64cb46 elementor-widget elementor-widget-text-editor\" data-id=\"d64cb46\" data-element_type=\"widget\" data-widget_type=\"text-editor.default\">\n\t\t\t\t<div class=\"elementor-widget-container\">\n\t\t\t<style>\/*! elementor - v3.15.0 - 20-08-2023 *\/\n.elementor-widget-text-editor.elementor-drop-cap-view-stacked .elementor-drop-cap{background-color:#69727d;color:#fff}.elementor-widget-text-editor.elementor-drop-cap-view-framed .elementor-drop-cap{color:#69727d;border:3px solid;background-color:transparent}.elementor-widget-text-editor:not(.elementor-drop-cap-view-default) .elementor-drop-cap{margin-top:8px}.elementor-widget-text-editor:not(.elementor-drop-cap-view-default) .elementor-drop-cap-letter{width:1em;height:1em}.elementor-widget-text-editor .elementor-drop-cap{float:left;text-align:center;line-height:1;font-size:50px}.elementor-widget-text-editor .elementor-drop-cap-letter{display:inline-block}<\/style>\t\t\t\t<p>Contactos<\/p>\t\t\t\t\t\t<\/div>\n\t\t\t\t<\/div>\n\t\t\t\t<div class=\"elementor-element elementor-element-aa82f18 elementor-widget elementor-widget-image\" data-id=\"aa82f18\" data-element_type=\"widget\" data-widget_type=\"image.default\">\n\t\t\t\t<div class=\"elementor-widget-container\">\n\t\t\t<style>\/*! elementor - v3.15.0 - 20-08-2023 *\/\n.elementor-widget-image{text-align:center}.elementor-widget-image a{display:inline-block}.elementor-widget-image a img[src$=\".svg\"]{width:48px}.elementor-widget-image img{vertical-align:middle;display:inline-block}<\/style>\t\t\t\t\t\t\t\t\t\t\t\t<img loading=\"lazy\" decoding=\"async\" width=\"683\" height=\"1024\" src=\"https:\/\/servimostemporales.com\/wp-content\/uploads\/2023\/06\/agent-18707_1920-683x1024.jpg\" class=\"attachment-large size-large wp-image-395\" alt=\"\" srcset=\"https:\/\/servimostemporales.com\/wp-content\/uploads\/2023\/06\/agent-18707_1920-683x1024.jpg 683w, https:\/\/servimostemporales.com\/wp-content\/uploads\/2023\/06\/agent-18707_1920-200x300.jpg 200w, https:\/\/servimostemporales.com\/wp-content\/uploads\/2023\/06\/agent-18707_1920-768x1152.jpg 768w, https:\/\/servimostemporales.com\/wp-content\/uploads\/2023\/06\/agent-18707_1920-1024x1536.jpg 1024w, https:\/\/servimostemporales.com\/wp-content\/uploads\/2023\/06\/agent-18707_1920.jpg 1280w\" sizes=\"(max-width: 683px) 100vw, 683px\" \/>\t\t\t\t\t\t\t\t\t\t\t\t\t\t\t<\/div>\n\t\t\t\t<\/div>\n\t\t\t\t<\/div>\n\t\t<div class=\"elementor-element elementor-element-cf6ffa3 e-con-full e-flex wpr-particle-no wpr-jarallax-no wpr-parallax-no wpr-sticky-section-no e-con\" data-id=\"cf6ffa3\" data-element_type=\"container\" data-settings=\"{&quot;content_width&quot;:&quot;full&quot;}\">\n\t\t<div class=\"elementor-element elementor-element-0154f71 e-flex e-con-boxed wpr-particle-no wpr-jarallax-no wpr-parallax-no wpr-sticky-section-no e-con\" data-id=\"0154f71\" data-element_type=\"container\" data-settings=\"{&quot;content_width&quot;:&quot;boxed&quot;}\">\n\t\t\t\t\t<div class=\"e-con-inner\">\n\t\t<div class=\"elementor-element elementor-element-67a6cc5 e-flex e-con-boxed wpr-particle-no wpr-jarallax-no wpr-parallax-no wpr-sticky-section-no e-con\" data-id=\"67a6cc5\" data-element_type=\"container\" data-settings=\"{&quot;content_width&quot;:&quot;boxed&quot;}\">\n\t\t\t\t\t<div class=\"e-con-inner\">\n\t\t\t\t<div class=\"elementor-element elementor-element-942f917 elementor-widget elementor-widget-ha-cf7 happy-addon ha-cf7\" data-id=\"942f917\" data-element_type=\"widget\" data-widget_type=\"ha-cf7.default\">\n\t\t\t\t<div class=\"elementor-widget-container\">\n\t\t\t\n<div class=\"wpcf7 no-js\" id=\"wpcf7-f663-o1\" lang=\"es-ES\" dir=\"ltr\">\n<div class=\"screen-reader-response\"><p role=\"status\" aria-live=\"polite\" aria-atomic=\"true\"><\/p> <ul><\/ul><\/div>\n<form action=\"\/index.php\/wp-json\/wp\/v2\/pages\/7#wpcf7-f663-o1\" method=\"post\" class=\"wpcf7-form init ha-cf7-form\" aria-label=\"Formulario de contacto\" novalidate=\"novalidate\" data-status=\"init\">\n<div style=\"display: none;\">\n<input type=\"hidden\" name=\"_wpcf7\" value=\"663\" \/>\n<input type=\"hidden\" name=\"_wpcf7_version\" value=\"5.8\" \/>\n<input type=\"hidden\" name=\"_wpcf7_locale\" value=\"es_ES\" \/>\n<input type=\"hidden\" name=\"_wpcf7_unit_tag\" value=\"wpcf7-f663-o1\" \/>\n<input type=\"hidden\" name=\"_wpcf7_container_post\" value=\"0\" \/>\n<input type=\"hidden\" name=\"_wpcf7_posted_data_hash\" value=\"\" \/>\n<\/div>\n<p><label> Tu nombre<br \/>\n<span class=\"wpcf7-form-control-wrap\" data-name=\"your-name\"><input size=\"40\" class=\"wpcf7-form-control wpcf7-text wpcf7-validates-as-required\" autocomplete=\"name\" aria-required=\"true\" aria-invalid=\"false\" value=\"\" type=\"text\" name=\"your-name\" \/><\/span> <\/label>\n<\/p>\n<p><label> Tu correo electr\u00f3nico<br \/>\n<span class=\"wpcf7-form-control-wrap\" data-name=\"your-email\"><input size=\"40\" class=\"wpcf7-form-control wpcf7-email wpcf7-validates-as-required wpcf7-text wpcf7-validates-as-email\" autocomplete=\"email\" aria-required=\"true\" aria-invalid=\"false\" value=\"\" type=\"email\" name=\"your-email\" \/><\/span> <\/label>\n<\/p>\n<p><label> Asunto<br \/>\n<span class=\"wpcf7-form-control-wrap\" data-name=\"your-subject\"><input size=\"40\" class=\"wpcf7-form-control wpcf7-text wpcf7-validates-as-required\" aria-required=\"true\" aria-invalid=\"false\" value=\"\" type=\"text\" name=\"your-subject\" \/><\/span> <\/label>\n<\/p>\n<p><label> Tu mensaje (opcional)<br \/>\n<span class=\"wpcf7-form-control-wrap\" data-name=\"your-message\"><textarea cols=\"40\" rows=\"10\" class=\"wpcf7-form-control wpcf7-textarea\" aria-invalid=\"false\" name=\"your-message\"><\/textarea><\/span> <\/label>\n<\/p>\n<p><input class=\"wpcf7-form-control wpcf7-submit has-spinner\" type=\"submit\" value=\"Enviar\" \/>\n<\/p><div class=\"wpcf7-response-output\" aria-hidden=\"true\"><\/div>\n<\/form>\n<\/div>\n\t\t<\/div>\n\t\t\t\t<\/div>\n\t\t\t\t\t<\/div>\n\t\t\t\t<\/div>\n\t\t\t\t\t<\/div>\n\t\t\t\t<\/div>\n\t\t\t\t<\/div>\n\t\t\t\t\t<\/div>\n\t\t\t\t<\/div>\n\t\t<div class=\"elementor-element elementor-element-13ffbc6 e-flex e-con-boxed wpr-particle-no wpr-jarallax-no wpr-parallax-no wpr-sticky-section-no e-con\" data-id=\"13ffbc6\" data-element_type=\"container\" data-settings=\"{&quot;content_width&quot;:&quot;boxed&quot;}\">\n\t\t\t\t\t<div class=\"e-con-inner\">\n\t\t\t\t<div class=\"elementor-element elementor-element-cb3f23b elementor-widget__width-initial elementor-widget elementor-widget-image\" data-id=\"cb3f23b\" data-element_type=\"widget\" data-widget_type=\"image.default\">\n\t\t\t\t<div class=\"elementor-widget-container\">\n\t\t\t\t\t\t\t\t\t\t\t\t\t\t\t<img loading=\"lazy\" decoding=\"async\" width=\"938\" height=\"257\" src=\"https:\/\/servimostemporales.com\/wp-content\/uploads\/2023\/06\/Logo-Servimos-e1687644818628.jpeg\" class=\"attachment-full size-full wp-image-10\" alt=\"\" srcset=\"https:\/\/servimostemporales.com\/wp-content\/uploads\/2023\/06\/Logo-Servimos-e1687644818628.jpeg 938w, https:\/\/servimostemporales.com\/wp-content\/uploads\/2023\/06\/Logo-Servimos-e1687644818628-300x82.jpeg 300w, https:\/\/servimostemporales.com\/wp-content\/uploads\/2023\/06\/Logo-Servimos-e1687644818628-768x210.jpeg 768w\" sizes=\"(max-width: 938px) 100vw, 938px\" \/>\t\t\t\t\t\t\t\t\t\t\t\t\t\t\t<\/div>\n\t\t\t\t<\/div>\n\t\t\t\t\t<\/div>\n\t\t\t\t<\/div>\n\t\t<div class=\"elementor-element elementor-element-c9534b0 e-flex e-con-boxed wpr-particle-no wpr-jarallax-no wpr-parallax-no wpr-sticky-section-no e-con\" data-id=\"c9534b0\" data-element_type=\"container\" data-settings=\"{&quot;content_width&quot;:&quot;boxed&quot;}\">\n\t\t\t\t\t<div class=\"e-con-inner\">\n\t\t\t\t<div class=\"elementor-element elementor-element-08a3a2f elementor-widget elementor-widget-jkit_animated_text\" data-id=\"08a3a2f\" data-element_type=\"widget\" data-widget_type=\"jkit_animated_text.default\">\n\t\t\t\t<div class=\"elementor-widget-container\">\n\t\t\t<div  class=\"jeg-elementor-kit jkit-animated-text jeg_module___69e0ddf7456e2\"  data-style=\"rotating\" data-text=\"Km 2.5 Autopista Medell\u00edn Via Bogot\u00e1, La Vega, Parque Empresarial Metropolitano, Cota\" data-rotate=\"typing\" data-delay=\"2500\" data-letter-speed=\"100\" data-delay-delete=\"500\"><p class=\"animated-text\"><span class=\"normal-text style-color\">Encu\u00e9ntranos en:<\/span><span class=\"dynamic-wrapper style-gradient\"><span class=\"dynamic-text\"><span class=\"dynamic-text-letter\">K<\/span><span class=\"dynamic-text-letter\">m<\/span><span class=\"dynamic-text-letter\"> <\/span><span class=\"dynamic-text-letter\">2<\/span><span class=\"dynamic-text-letter\">.<\/span><span class=\"dynamic-text-letter\">5<\/span><span class=\"dynamic-text-letter\"> <\/span><span class=\"dynamic-text-letter\">A<\/span><span class=\"dynamic-text-letter\">u<\/span><span class=\"dynamic-text-letter\">t<\/span><span class=\"dynamic-text-letter\">o<\/span><span class=\"dynamic-text-letter\">p<\/span><span class=\"dynamic-text-letter\">i<\/span><span class=\"dynamic-text-letter\">s<\/span><span class=\"dynamic-text-letter\">t<\/span><span class=\"dynamic-text-letter\">a<\/span><span class=\"dynamic-text-letter\"> <\/span><span class=\"dynamic-text-letter\">M<\/span><span class=\"dynamic-text-letter\">e<\/span><span class=\"dynamic-text-letter\">d<\/span><span class=\"dynamic-text-letter\">e<\/span><span class=\"dynamic-text-letter\">l<\/span><span class=\"dynamic-text-letter\">l<\/span><span class=\"dynamic-text-letter\">\u00ed<\/span><span class=\"dynamic-text-letter\">n<\/span><span class=\"dynamic-text-letter\"> <\/span><span class=\"dynamic-text-letter\">V<\/span><span class=\"dynamic-text-letter\">i<\/span><span class=\"dynamic-text-letter\">a<\/span><span class=\"dynamic-text-letter\"> <\/span><span class=\"dynamic-text-letter\">B<\/span><span class=\"dynamic-text-letter\">o<\/span><span class=\"dynamic-text-letter\">g<\/span><span class=\"dynamic-text-letter\">o<\/span><span class=\"dynamic-text-letter\">t<\/span><span class=\"dynamic-text-letter\">\u00e1<\/span><span class=\"dynamic-text-letter\">,<\/span><span class=\"dynamic-text-letter\"> <\/span><span class=\"dynamic-text-letter\">L<\/span><span class=\"dynamic-text-letter\">a<\/span><span class=\"dynamic-text-letter\"> <\/span><span class=\"dynamic-text-letter\">V<\/span><span class=\"dynamic-text-letter\">e<\/span><span class=\"dynamic-text-letter\">g<\/span><span class=\"dynamic-text-letter\">a<\/span><span class=\"dynamic-text-letter\">,<\/span><span class=\"dynamic-text-letter\"> <\/span><span class=\"dynamic-text-letter\">P<\/span><span class=\"dynamic-text-letter\">a<\/span><span class=\"dynamic-text-letter\">r<\/span><span class=\"dynamic-text-letter\">q<\/span><span class=\"dynamic-text-letter\">u<\/span><span class=\"dynamic-text-letter\">e<\/span><span class=\"dynamic-text-letter\"> <\/span><span class=\"dynamic-text-letter\">E<\/span><span class=\"dynamic-text-letter\">m<\/span><span class=\"dynamic-text-letter\">p<\/span><span class=\"dynamic-text-letter\">r<\/span><span class=\"dynamic-text-letter\">e<\/span><span class=\"dynamic-text-letter\">s<\/span><span class=\"dynamic-text-letter\">a<\/span><span class=\"dynamic-text-letter\">r<\/span><span class=\"dynamic-text-letter\">i<\/span><span class=\"dynamic-text-letter\">a<\/span><span class=\"dynamic-text-letter\">l<\/span><span class=\"dynamic-text-letter\"> <\/span><span class=\"dynamic-text-letter\">M<\/span><span class=\"dynamic-text-letter\">e<\/span><span class=\"dynamic-text-letter\">t<\/span><span class=\"dynamic-text-letter\">r<\/span><span class=\"dynamic-text-letter\">o<\/span><span class=\"dynamic-text-letter\">p<\/span><span class=\"dynamic-text-letter\">o<\/span><span class=\"dynamic-text-letter\">l<\/span><span class=\"dynamic-text-letter\">i<\/span><span class=\"dynamic-text-letter\">t<\/span><span class=\"dynamic-text-letter\">a<\/span><span class=\"dynamic-text-letter\">n<\/span><span class=\"dynamic-text-letter\">o<\/span><span class=\"dynamic-text-letter\">,<\/span><span class=\"dynamic-text-letter\"> <\/span><span class=\"dynamic-text-letter\">C<\/span><span class=\"dynamic-text-letter\">o<\/span><span class=\"dynamic-text-letter\">t<\/span><span class=\"dynamic-text-letter\">a<\/span><\/span><\/span><span class=\"normal-text style-color\"><\/span><\/p><\/div>\t\t<\/div>\n\t\t\t\t<\/div>\n\t\t<div class=\"elementor-element elementor-element-0745f40 e-flex e-con-boxed wpr-particle-no wpr-jarallax-no wpr-parallax-no wpr-sticky-section-no e-con\" data-id=\"0745f40\" data-element_type=\"container\" data-settings=\"{&quot;content_width&quot;:&quot;boxed&quot;}\">\n\t\t\t\t\t<div class=\"e-con-inner\">\n\t\t\t\t<div class=\"elementor-element elementor-element-de7a751 elementor-widget elementor-widget-google_maps\" data-id=\"de7a751\" data-element_type=\"widget\" data-widget_type=\"google_maps.default\">\n\t\t\t\t<div class=\"elementor-widget-container\">\n\t\t\t<style>\/*! elementor - v3.15.0 - 20-08-2023 *\/\n.elementor-widget-google_maps .elementor-widget-container{overflow:hidden}.elementor-widget-google_maps .elementor-custom-embed{line-height:0}.elementor-widget-google_maps iframe{height:300px}<\/style>\t\t<div class=\"elementor-custom-embed\">\n\t\t\t<iframe loading=\"lazy\"\n\t\t\t\t\tsrc=\"https:\/\/maps.google.com\/maps?q=Km%202.5%20Autopista%20Medell%C3%ADn%20Via%20Bogot%C3%A1-La%20Vega%20Parque%20Empresarial%20Metropolitano%2C%20Cota&#038;t=m&#038;z=11&#038;output=embed&#038;iwloc=near\"\n\t\t\t\t\ttitle=\"Km 2.5 Autopista Medell\u00edn Via Bogot\u00e1-La Vega Parque Empresarial Metropolitano, Cota\"\n\t\t\t\t\taria-label=\"Km 2.5 Autopista Medell\u00edn Via Bogot\u00e1-La Vega Parque Empresarial Metropolitano, Cota\"\n\t\t\t><\/iframe>\n\t\t<\/div>\n\t\t\t\t<\/div>\n\t\t\t\t<\/div>\n\t\t\t\t\t<\/div>\n\t\t\t\t<\/div>\n\t\t\t\t\t<\/div>\n\t\t\t\t<\/div>\n\t\t\t\t\t\t\t<\/div>\n\t\t","protected":false},"excerpt":{"rendered":"<p>Contactos Tu nombre Tu correo electr\u00f3nico Asunto Tu mensaje (opcional) Encu\u00e9ntranos en:Km 2.5 Autopista Medell\u00edn Via Bogot\u00e1, La Vega, Parque Empresarial Metropolitano, Cota<\/p>\n","protected":false},"author":1,"featured_media":0,"parent":0,"menu_order":0,"comment_status":"closed","ping_status":"closed","template":"","meta":{"_eb_attr":"","site-sidebar-layout":"default","site-content-layout":"default","ast-global-header-display":"","ast-banner-title-visibility":"","ast-main-header-display":"","ast-hfb-above-header-display":"","ast-hfb-below-header-display":"","ast-hfb-mobile-header-display":"","site-post-title":"disabled","ast-breadcrumbs-content":"","ast-featured-img":"","footer-sml-layout":"","theme-transparent-header-meta":"","adv-header-id-meta":"","stick-header-meta":"","header-above-stick-meta":"","header-main-stick-meta":"","header-below-stick-meta":"","footnotes":""},"_links":{"self":[{"href":"https:\/\/servimostemporales.com\/index.php\/wp-json\/wp\/v2\/pages\/7"}],"collection":[{"href":"https:\/\/servimostemporales.com\/index.php\/wp-json\/wp\/v2\/pages"}],"about":[{"href":"https:\/\/servimostemporales.com\/index.php\/wp-json\/wp\/v2\/types\/page"}],"author":[{"embeddable":true,"href":"https:\/\/servimostemporales.com\/index.php\/wp-json\/wp\/v2\/users\/1"}],"replies":[{"embeddable":true,"href":"https:\/\/servimostemporales.com\/index.php\/wp-json\/wp\/v2\/comments?post=7"}],"version-history":[{"count":44,"href":"https:\/\/servimostemporales.com\/index.php\/wp-json\/wp\/v2\/pages\/7\/revisions"}],"predecessor-version":[{"id":1036,"href":"https:\/\/servimostemporales.com\/index.php\/wp-json\/wp\/v2\/pages\/7\/revisions\/1036"}],"wp:attachment":[{"href":"https:\/\/servimostemporales.com\/index.php\/wp-json\/wp\/v2\/media?parent=7"}],"curies":[{"name":"wp","href":"https:\/\/api.w.org\/{rel}","templated":true}]}}